{"id":3850,"date":"2023-12-05T11:43:32","date_gmt":"2023-12-05T10:43:32","guid":{"rendered":"https:\/\/www.das-stampfl.at\/?page_id=3850"},"modified":"2025-06-09T16:55:47","modified_gmt":"2025-06-09T14:55:47","slug":"standort","status":"publish","type":"page","link":"https:\/\/www.lungau-view.at\/en\/standort\/","title":{"rendered":"Location"},"content":{"rendered":"<div data-elementor-type=\"wp-page\" data-elementor-id=\"3850\" class=\"elementor elementor-3850\" data-elementor-post-type=\"page\">\n\t\t\t\t\t\t<section class=\"elementor-section elementor-top-section elementor-element elementor-element-bdd6942 cs-section-content-fullwidth elementor-section-boxed elementor-section-height-default elementor-section-height-default\" data-id=\"bdd6942\" data-element_type=\"section\">\n\t\t\t\t\t\t<div class=\"elementor-container elementor-column-gap-no\">\n\t\t\t\t\t<div class=\"elementor-column elementor-col-100 elementor-top-column elementor-element elementor-element-e314187 dark-color\" data-id=\"e314187\" data-element_type=\"column\">\n\t\t\t<div class=\"elementor-widget-wrap elementor-element-populated\">\n\t\t\t\t\t\t<div class=\"elementor-element elementor-element-35b43f0 elementor-widget elementor-widget-heading\" data-id=\"35b43f0\" data-element_type=\"widget\" data-widget_type=\"heading.default\">\n\t\t\t\t<div class=\"elementor-widget-container\">\n\t\t\t\t\t<h2 class=\"elementor-heading-title elementor-size-default\">Location<\/h2>\t\t\t\t<\/div>\n\t\t\t\t<\/div>\n\t\t\t\t<div class=\"elementor-element elementor-element-6c918e7 elementor-widget elementor-widget-text-editor\" data-id=\"6c918e7\" data-element_type=\"widget\" data-widget_type=\"text-editor.default\">\n\t\t\t\t<div class=\"elementor-widget-container\">\n\t\t\t\t\t\t\t\t\t<p>The holiday home is in a quiet location on the edge of Mauterndorf. The approximate distances to the various facilities:<\/p><ul><li>Ski bus 150 m<\/li><li>Grosseck\/Speiereck ski area 1.7 km<\/li><li>Obertauern ski area 17 km<\/li><li>Butcher shop 900 m<\/li><li>Bakery 1km<\/li><li>Adeg Supermarket 1.1 km (During the season, the shops are also open on Sundays and public holidays)<span style=\"font-size: var(--post-text-size); font-family: var(--body-font);\">)<\/span><\/li><li>Mauterndorf Castle 450 m<\/li><li>Doctor 900 m<\/li><li>The various pubs and restaurants are 800m -1.1 km away\u00a0<\/li><\/ul>\t\t\t\t\t\t\t\t<\/div>\n\t\t\t\t<\/div>\n\t\t\t\t\t<\/div>\n\t\t<\/div>\n\t\t\t\t\t<\/div>\n\t\t<\/section>\n\t\t\t\t<section class=\"elementor-section elementor-top-section elementor-element elementor-element-ad29e89 cs-section-content-fullwidth elementor-section-full_width elementor-section-height-default elementor-section-height-default\" data-id=\"ad29e89\" data-element_type=\"section\" data-settings=\"{&quot;background_background&quot;:&quot;classic&quot;}\">\n\t\t\t\t\t\t<div class=\"elementor-container elementor-column-gap-no\">\n\t\t\t\t\t<div class=\"elementor-column elementor-col-100 elementor-top-column elementor-element elementor-element-d2cbbd2 dark-color\" data-id=\"d2cbbd2\" data-element_type=\"column\">\n\t\t\t<div class=\"elementor-widget-wrap elementor-element-populated\">\n\t\t\t\t\t\t<div class=\"elementor-element elementor-element-165ca66 elementor-widget elementor-widget-heading\" data-id=\"165ca66\" data-element_type=\"widget\" data-widget_type=\"heading.default\">\n\t\t\t\t<div class=\"elementor-widget-container\">\n\t\t\t\t\t<h2 class=\"elementor-heading-title elementor-size-default\">Location and arrival by car<\/h2>\t\t\t\t<\/div>\n\t\t\t\t<\/div>\n\t\t\t\t<div class=\"elementor-element elementor-element-31332429 elementor-widget elementor-widget-cs_info_box\" data-id=\"31332429\" data-element_type=\"widget\" data-widget_type=\"cs_info_box.default\">\n\t\t\t\t<div class=\"elementor-widget-container\">\n\t\t\t\t\t\n\t\t\t<div class=\"cs-info-box column-3 valign-top img-left\">\n                <div class=\"cs-info-box-wrap\">                    <div class=\"cs-info-box-item elementor-repeater-item-cccff81\">\n                    \t<div class=\"cs-item-container\">\t                        <div class=\"cs-info-box-content\">\n\t                            <h5 class=\"cs-title cs-info-box-title\">From the north\t\t\t\t\t\t\t\t<\/h5>\t                            \t<div class=\"cs-info-box-text\"><p>Motorway Munich - Salzburg, A10 Tauernautobahn to the St. Michael exit (toll booth) Alternative: A10 to the Ennstal exit and toll-free on the B99 via Radstadt and Obertauern<\/p><\/div>\t                        <\/div>\t                    <\/div>\n                    <\/div>                    <div class=\"cs-info-box-item elementor-repeater-item-6c33aa7\">\n                    \t<div class=\"cs-item-container\">\t                        <div class=\"cs-info-box-content\">\n\t                            <h5 class=\"cs-title cs-info-box-title\">From the east\t\t\t\t\t\t\t\t<\/h5>\t                            \t<div class=\"cs-info-box-text\"><p>Vienna - Semmering - Leoben - Unzmarkt - Murau - Ramingstein. Vienna A1 \/ Westautobahn to Salzburg - A10 Tauernautobahn to the St. Michael exit (toll booth). Alternative: Vienna - A1 \/ Westautobahn to Salzburg - A10 to the Ennstal exit and toll-free on the B99 via Radstadt and Obertauern<\/p><\/div>\t                        <\/div>\t                    <\/div>\n                    <\/div>                    <div class=\"cs-info-box-item elementor-repeater-item-0a01fb1\">\n                    \t<div class=\"cs-item-container\">\t                        <div class=\"cs-info-box-content\">\n\t                            <h5 class=\"cs-title cs-info-box-title\">From the south\t\t\t\t\t\t\t\t<\/h5>\t                            \t<div class=\"cs-info-box-text\"><p>Motorway (autostrada) Udine - Tarvisio - Villach (A10 Tauernautobahn) - Katschbergtunnel - St. Michael exit (toll booth) Alternative: Motorway (autostrada) Udine - Tarvisio - Villach (A10) - Rennweg exit and toll-free via the Katschberg to St. Michae<\/p><\/div>\t                        <\/div>\t                    <\/div>\n                    <\/div>\t\t\t\t<\/div>\n\t\t\t<\/div>\t\t\t\t<\/div>\n\t\t\t\t<\/div>\n\t\t\t\t<div class=\"elementor-element elementor-element-e022ee8 elementor-widget elementor-widget-google_maps\" data-id=\"e022ee8\" data-element_type=\"widget\" data-widget_type=\"google_maps.default\">\n\t\t\t\t<div class=\"elementor-widget-container\">\n\t\t\t\t\t\t\t<div class=\"elementor-custom-embed\">\n\t\t\t<iframe loading=\"lazy\"\n\t\t\t\t\tsrc=\"https:\/\/www.google.com\/maps\/embed\/v1\/place?key=AIzaSyDirJYqINGyxwBe0Jn_N1DTKy2w0vPrTRM&#038;q=Stampfl%2026%205570%20Mauterndorf%20%C3%96sterreich&#038;zoom=10\"\n\t\t\t\t\ttitle=\"Stampfl 26 5570 Mauterndorf Austria\"\n\t\t\t\t\taria-label=\"Stampfl 26 5570 Mauterndorf Austria\"\n\t\t\t><\/iframe>\n\t\t<\/div>\n\t\t\t\t\t\t<\/div>\n\t\t\t\t<\/div>\n\t\t\t\t\t<\/div>\n\t\t<\/div>\n\t\t\t\t\t<\/div>\n\t\t<\/section>\n\t\t\t\t<section class=\"elementor-section elementor-top-section elementor-element elementor-element-4af3472f cs-section-content-fullwidth elementor-section-content-middle elementor-section-boxed elementor-section-height-default elementor-section-height-default\" data-id=\"4af3472f\" data-element_type=\"section\">\n\t\t\t\t\t\t\t<div class=\"elementor-background-overlay\"><\/div>\n\t\t\t\t\t\t\t<div class=\"elementor-container elementor-column-gap-no\">\n\t\t\t\t\t<div class=\"elementor-column elementor-col-50 elementor-top-column elementor-element elementor-element-660d896d\" data-id=\"660d896d\" data-element_type=\"column\">\n\t\t\t<div class=\"elementor-widget-wrap elementor-element-populated\">\n\t\t\t\t\t\t<div class=\"elementor-element elementor-element-1c49e6c8 elementor-widget elementor-widget-cs_call_to_action\" data-id=\"1c49e6c8\" data-element_type=\"widget\" data-settings=\"{&quot;overlay_background&quot;:&quot;gradient&quot;}\" data-widget_type=\"cs_call_to_action.default\">\n\t\t\t\t<div class=\"elementor-widget-container\">\n\t\t\t\t\t\n\t\t<div class=\"cs-cta cta-layout-text-overlap content-bottom with-inner-border dark-color text-left cta-hover-img-zoom\">\n            <div class=\"cs-cta-wrap\">\t\t               \t<div class=\"cs-cta-img\">\n\t\t                    <img fetchpriority=\"high\" decoding=\"async\" width=\"600\" height=\"744\" src=\"https:\/\/www.lungau-view.at\/wp-content\/uploads\/2023\/12\/Bild_Schnee_Sonne.jpg\" class=\"attachment-full size-full wp-image-3946\" alt=\"\" srcset=\"https:\/\/www.lungau-view.at\/wp-content\/uploads\/2023\/12\/Bild_Schnee_Sonne.jpg 600w, https:\/\/www.lungau-view.at\/wp-content\/uploads\/2023\/12\/Bild_Schnee_Sonne-242x300.jpg 242w, https:\/\/www.lungau-view.at\/wp-content\/uploads\/2023\/12\/Bild_Schnee_Sonne-550x682.jpg 550w, https:\/\/www.lungau-view.at\/wp-content\/uploads\/2023\/12\/Bild_Schnee_Sonne-370x459.jpg 370w, https:\/\/www.lungau-view.at\/wp-content\/uploads\/2023\/12\/Bild_Schnee_Sonne-255x316.jpg 255w, https:\/\/www.lungau-view.at\/wp-content\/uploads\/2023\/12\/Bild_Schnee_Sonne-121x150.jpg 121w\" sizes=\"(max-width: 600px) 100vw, 600px\" \/>\t\t                <\/div>                <div class=\"cs-cta-overlay\"><\/div>\n                <div class=\"cs-cta-content\">\t\t\t<\/div>                <a class=\"cs-cta-link\" href=\"#\"><\/a>            <\/div>\n        <\/div>\t\t\t\t<\/div>\n\t\t\t\t<\/div>\n\t\t\t\t\t<\/div>\n\t\t<\/div>\n\t\t\t\t<div class=\"elementor-column elementor-col-50 elementor-top-column elementor-element elementor-element-34f751f3\" data-id=\"34f751f3\" data-element_type=\"column\">\n\t\t\t<div class=\"elementor-widget-wrap elementor-element-populated\">\n\t\t\t\t\t\t<div class=\"elementor-element elementor-element-29df8fd elementor-widget elementor-widget-heading\" data-id=\"29df8fd\" data-element_type=\"widget\" data-widget_type=\"heading.default\">\n\t\t\t\t<div class=\"elementor-widget-container\">\n\t\t\t\t\t<h2 class=\"elementor-heading-title elementor-size-default\">Travel planning<\/h2>\t\t\t\t<\/div>\n\t\t\t\t<\/div>\n\t\t\t\t<div class=\"elementor-element elementor-element-df693d7 elementor-widget elementor-widget-text-editor\" data-id=\"df693d7\" data-element_type=\"widget\" data-widget_type=\"text-editor.default\">\n\t\t\t\t<div class=\"elementor-widget-container\">\n\t\t\t\t\t\t\t\t\t<p>Your vacation begins as soon as you arrive! Whether by bus, train, plane or car \u2013 the Mauterndorf\/Lungau holiday region is easy and convenient to reach. By train you can travel without stress or traffic jams and arrive at your holiday destination refreshed.<br \/><br \/><\/p>\t\t\t\t\t\t\t\t<\/div>\n\t\t\t\t<\/div>\n\t\t\t\t<div class=\"elementor-element elementor-element-52398bd elementor-widget elementor-widget-heading\" data-id=\"52398bd\" data-element_type=\"widget\" data-widget_type=\"heading.default\">\n\t\t\t\t<div class=\"elementor-widget-container\">\n\t\t\t\t\t<h2 class=\"elementor-heading-title elementor-size-default\">usefull links<\/h2>\t\t\t\t<\/div>\n\t\t\t\t<\/div>\n\t\t\t\t<div class=\"elementor-element elementor-element-b667c06 elementor-widget elementor-widget-text-editor\" data-id=\"b667c06\" data-element_type=\"widget\" data-widget_type=\"text-editor.default\">\n\t\t\t\t<div class=\"elementor-widget-container\">\n\t\t\t\t\t\t\t\t\t<ul><li><a href=\"https:\/\/www.google.at\/maps\/place\/Stampfl+26,+5570+Mauterndorf\/@47.1392639,13.6827205,17z\/data=!3m1!4b1!4m6!3m5!1s0x4770dcf7f793d323:0xe2d7af4a7329fe38!8m2!3d47.1392639!4d13.6827205!16s%2Fg%2F11c2cpyr2j?entry=ttu\">Route planner to the holiday home<\/a><\/li><li><a href=\"https:\/\/salzburg-verkehr.at\/\">Bus timetables \u2013 SVV Salzbug<\/a><\/li><li><a href=\"https:\/\/fahrplan.oebb.at\/bin\/query.exe\/dn?\">Austrian Federal Railways<\/a><\/li><li><a href=\"https:\/\/www.bahn.de\/\">German railway<\/a><\/li><li><a href=\"https:\/\/www.lungau.at\/de\/service\/anreise\/\">Arrival by taxi<\/a><\/li><\/ul>\t\t\t\t\t\t\t\t<\/div>\n\t\t\t\t<\/div>\n\t\t\t\t\t<\/div>\n\t\t<\/div>\n\t\t\t\t\t<\/div>\n\t\t<\/section>\n\t\t\t\t<\/div>","protected":false},"excerpt":{"rendered":"<p>Standort Das Ferienhaus befindet sich in ruhiger Lage am Rand von Mauterndorf. Die ca. Wegstrecken zu den div. Einrichtungen: Skibus 150 m Skigebiet Grosseck\/Speiereck 1,7 km Skigebiet Obertauern 17 km Metzgerei 900 m B\u00e4ckerei 1km Adeg Supermarkt 1,1 km (W\u00e4hrend der Saison haben die Gesch\u00e4fte auch an Sonn- und Feiertagen ge\u00f6ffnet) Burg Mauterndorf 450 m &#8230;<\/p>","protected":false},"author":2,"featured_media":0,"parent":0,"menu_order":0,"comment_status":"closed","ping_status":"closed","template":"template-fullwidth.php","meta":{"_monsterinsights_skip_tracking":false,"_monsterinsights_sitenote_active":false,"_monsterinsights_sitenote_note":"","_monsterinsights_sitenote_category":0,"cozystay_single_page_hide_site_header":"","cozystay_single_page_site_header_source":"","cozystay_single_page_custom_site_header":"0","cozystay_single_page_custom_sticky_site_header":"0","cozystay_single_page_hide_page_title":"on","cozystay_single_page_header_section_size":"","cozystay_single_page_header_background_color":"","cozystay_single_page_header_background_position_x":"center","cozystay_single_page_header_background_position_y":"center","cozystay_single_page_header_background_size":"cover","cozystay_single_page_header_background_repeat":"off","cozystay_single_page_header_background_scroll":"on","cozystay_single_page_header_text_color":"","cozystay_single_page_header_show_breadcrumb":"","cozystay_single_page_site_footer_hide_main":"","cozystay_single_custom_site_footer_main_source":"","cozystay_single_custom_site_footer_main":"0","cozystay_single_page_site_footer_hide_above":"","cozystay_single_custom_site_footer_above_source":"","cozystay_single_custom_site_footer_above":"0","cozystay_single_page_site_footer_hide_instagram":"","cozystay_single_page_site_footer_hide_bottom":"","cozystay_single_custom_mobile_menu_source":"","cozystay_single_custom_mobile_menu":"0","cozystay_single_custom_mobile_menu_animation":"","cozystay_single_custom_mobile_menu_width":"","cozystay_single_custom_mobile_menu_custom_width":375,"footnotes":""},"class_list":["post-3850","page","type-page","status-publish","hentry"],"_links":{"self":[{"href":"https:\/\/www.lungau-view.at\/en\/wp-json\/wp\/v2\/pages\/3850","targetHints":{"allow":["GET"]}}],"collection":[{"href":"https:\/\/www.lungau-view.at\/en\/wp-json\/wp\/v2\/pages"}],"about":[{"href":"https:\/\/www.lungau-view.at\/en\/wp-json\/wp\/v2\/types\/page"}],"author":[{"embeddable":true,"href":"https:\/\/www.lungau-view.at\/en\/wp-json\/wp\/v2\/users\/2"}],"replies":[{"embeddable":true,"href":"https:\/\/www.lungau-view.at\/en\/wp-json\/wp\/v2\/comments?post=3850"}],"version-history":[{"count":15,"href":"https:\/\/www.lungau-view.at\/en\/wp-json\/wp\/v2\/pages\/3850\/revisions"}],"predecessor-version":[{"id":6439,"href":"https:\/\/www.lungau-view.at\/en\/wp-json\/wp\/v2\/pages\/3850\/revisions\/6439"}],"wp:attachment":[{"href":"https:\/\/www.lungau-view.at\/en\/wp-json\/wp\/v2\/media?parent=3850"}],"curies":[{"name":"wp","href":"https:\/\/api.w.org\/{rel}","templated":true}]}}