{"id":2492,"date":"2023-04-24T04:43:45","date_gmt":"2023-04-24T04:43:45","guid":{"rendered":"https:\/\/cozystay.loftocean.com\/mountain-hotel\/?page_id=9"},"modified":"2024-02-28T20:06:57","modified_gmt":"2024-02-28T19:06:57","slug":"die_gastgeber","status":"publish","type":"page","link":"https:\/\/www.lungau-view.at\/en\/die_gastgeber\/","title":{"rendered":"The hosts"},"content":{"rendered":"<div data-elementor-type=\"wp-page\" data-elementor-id=\"2492\" class=\"elementor elementor-2492\" data-elementor-post-type=\"page\">\n\t\t\t\t\t\t<section class=\"elementor-section elementor-top-section elementor-element elementor-element-d099650 elementor-section-height-min-height cs-section-content-fullwidth cs-parallax-on-scroll cs_scroll_y_80 elementor-section-boxed elementor-section-height-default elementor-section-items-middle\" data-id=\"d099650\" data-element_type=\"section\" data-settings=\"{&quot;background_background&quot;:&quot;classic&quot;,&quot;background_motion_fx_motion_fx_scrolling&quot;:&quot;yes&quot;,&quot;background_motion_fx_devices&quot;:[&quot;desktop&quot;,&quot;tablet&quot;,&quot;mobile&quot;]}\" data-cs-parallax-y=\"80\" style=\"background-image: none;\" data-cs-background-image=\"https:\/\/www.lungau-view.at\/wp-content\/uploads\/2024\/02\/Thorwartls_3.jpg\">\n\t\t\t\t\t\t\t<div class=\"elementor-background-overlay\"><\/div>\n\t\t\t\t\t\t\t<div class=\"elementor-container elementor-column-gap-no\">\n\t\t\t\t\t<div class=\"elementor-column elementor-col-100 elementor-top-column elementor-element elementor-element-46928df7 dark-color\" data-id=\"46928df7\" data-element_type=\"column\">\n\t\t\t<div class=\"elementor-widget-wrap elementor-element-populated\">\n\t\t\t\t\t\t<div class=\"elementor-element elementor-element-4487352 elementor-hidden-mobile elementor-widget elementor-widget-cs_title\" data-id=\"4487352\" data-element_type=\"widget\" data-widget_type=\"cs_title.default\">\n\t\t\t\t<div class=\"elementor-widget-container\">\n\t\t\t\t\t\n        <div class=\"cs-title-wrap text-center\">\t            <h1 class=\"cs-title color-primary\">\n\t                We are the \u201cThorwartl\u2019s\u201d\t            <\/h1>\t            <div class=\"cs-title-text\">\n\t                <p><img decoding=\"async\" class=\"size-full wp-image-3438 aligncenter\" src=\"https:\/\/www.lungau-view.at\/wp-content\/uploads\/2023\/12\/Herz.gif\" alt=\"\" width=\"64\" height=\"56\" \/><\/p>\t            <\/div>        <\/div>\t\t\t\t<\/div>\n\t\t\t\t<\/div>\n\t\t\t\t\t<\/div>\n\t\t<\/div>\n\t\t\t\t\t<\/div>\n\t\t<\/section>\n\t\t\t\t<section class=\"elementor-section elementor-top-section elementor-element elementor-element-efc79ff cs-section-content-fullwidth elementor-section-content-middle elementor-section-boxed elementor-section-height-default elementor-section-height-default\" data-id=\"efc79ff\" data-element_type=\"section\" data-settings=\"{&quot;background_background&quot;:&quot;classic&quot;}\">\n\t\t\t\t\t\t<div class=\"elementor-container elementor-column-gap-no\">\n\t\t\t\t\t<div class=\"elementor-column elementor-col-50 elementor-top-column elementor-element elementor-element-e1f821c\" data-id=\"e1f821c\" data-element_type=\"column\">\n\t\t\t<div class=\"elementor-widget-wrap elementor-element-populated\">\n\t\t\t\t\t\t<div class=\"elementor-element elementor-element-552298b elementor-widget__width-initial elementor-widget elementor-widget-cs_title\" data-id=\"552298b\" data-element_type=\"widget\" data-widget_type=\"cs_title.default\">\n\t\t\t\t<div class=\"elementor-widget-container\">\n\t\t\t\t\t\n        <div class=\"cs-title-wrap\">\t            <div class=\"cs-subtitle-wrap\"><span class=\"cs-subtitle color-primary\">The LUNGAU VIEW<\/span><\/div>\t            <h4 class=\"cs-title\">\n\t                About the hosts:\t            <\/h4>\t            <div class=\"cs-title-text\">\n\t                <p>Franz and Maria took over Franz&#039;s parents&#039; house in the summer of 2022. After an intensive planning phase, the complete renovation including the extension began in late summer 2023.<br \/>With a lot of passion and attention to detail, they have tried to create a place for their guests that makes an unforgettable holiday possible.<\/p>\t            <\/div>        <\/div>\t\t\t\t<\/div>\n\t\t\t\t<\/div>\n\t\t\t\t\t<\/div>\n\t\t<\/div>\n\t\t\t\t<div class=\"elementor-column elementor-col-50 elementor-top-column elementor-element elementor-element-1dbbcc5\" data-id=\"1dbbcc5\" data-element_type=\"column\">\n\t\t\t<div class=\"elementor-widget-wrap elementor-element-populated\">\n\t\t\t\t\t\t<section class=\"elementor-section elementor-inner-section elementor-element elementor-element-cd5bb56 elementor-section-content-middle elementor-section-boxed elementor-section-height-default elementor-section-height-default\" data-id=\"cd5bb56\" data-element_type=\"section\">\n\t\t\t\t\t\t<div class=\"elementor-container elementor-column-gap-no\">\n\t\t\t\t\t<div class=\"elementor-column elementor-col-50 elementor-inner-column elementor-element elementor-element-8ea5b2b\" data-id=\"8ea5b2b\" data-element_type=\"column\">\n\t\t\t<div class=\"elementor-widget-wrap elementor-element-populated\">\n\t\t\t\t\t\t<div class=\"elementor-element elementor-element-9081ada cs-animation-small-offset elementor-invisible elementor-widget elementor-widget-image\" data-id=\"9081ada\" data-element_type=\"widget\" data-settings=\"{&quot;_animation&quot;:&quot;fadeInUp&quot;,&quot;_animation_delay&quot;:150}\" data-widget_type=\"image.default\">\n\t\t\t\t<div class=\"elementor-widget-container\">\n\t\t\t\t\t\t\t\t\t\t\t\t\t\t\t<img fetchpriority=\"high\" decoding=\"async\" width=\"370\" height=\"493\" src=\"https:\/\/www.lungau-view.at\/wp-content\/uploads\/2024\/01\/IMG_1869_o-370x493.jpg\" class=\"attachment-cozystay_370x9999 size-cozystay_370x9999 wp-image-5202\" alt=\"\" srcset=\"https:\/\/www.lungau-view.at\/wp-content\/uploads\/2024\/01\/IMG_1869_o-370x493.jpg 370w, https:\/\/www.lungau-view.at\/wp-content\/uploads\/2024\/01\/IMG_1869_o-225x300.jpg 225w, https:\/\/www.lungau-view.at\/wp-content\/uploads\/2024\/01\/IMG_1869_o-768x1024.jpg 768w, https:\/\/www.lungau-view.at\/wp-content\/uploads\/2024\/01\/IMG_1869_o-9x12.jpg 9w, https:\/\/www.lungau-view.at\/wp-content\/uploads\/2024\/01\/IMG_1869_o-780x1040.jpg 780w, https:\/\/www.lungau-view.at\/wp-content\/uploads\/2024\/01\/IMG_1869_o-600x800.jpg 600w, https:\/\/www.lungau-view.at\/wp-content\/uploads\/2024\/01\/IMG_1869_o-550x733.jpg 550w, https:\/\/www.lungau-view.at\/wp-content\/uploads\/2024\/01\/IMG_1869_o-255x340.jpg 255w, https:\/\/www.lungau-view.at\/wp-content\/uploads\/2024\/01\/IMG_1869_o.jpg 1000w\" sizes=\"(max-width: 370px) 100vw, 370px\" \/>\t\t\t\t\t\t\t\t\t\t\t\t\t\t\t<\/div>\n\t\t\t\t<\/div>\n\t\t\t\t\t<\/div>\n\t\t<\/div>\n\t\t\t\t<div class=\"elementor-column elementor-col-50 elementor-inner-column elementor-element elementor-element-6be5c6e\" data-id=\"6be5c6e\" data-element_type=\"column\">\n\t\t\t<div class=\"elementor-widget-wrap elementor-element-populated\">\n\t\t\t\t\t\t<div class=\"elementor-element elementor-element-e0b58a3 cs-animation-small-offset elementor-invisible elementor-widget elementor-widget-image\" data-id=\"e0b58a3\" data-element_type=\"widget\" data-settings=\"{&quot;_animation&quot;:&quot;fadeInUp&quot;,&quot;_animation_delay&quot;:300}\" data-widget_type=\"image.default\">\n\t\t\t\t<div class=\"elementor-widget-container\">\n\t\t\t\t\t\t\t\t\t\t\t\t\t\t\t<img decoding=\"async\" width=\"370\" height=\"493\" src=\"https:\/\/www.lungau-view.at\/wp-content\/uploads\/2024\/01\/Baustellenfoto_2-370x493.jpg\" class=\"attachment-cozystay_370x9999 size-cozystay_370x9999 wp-image-5562\" alt=\"\" srcset=\"https:\/\/www.lungau-view.at\/wp-content\/uploads\/2024\/01\/Baustellenfoto_2-370x493.jpg 370w, https:\/\/www.lungau-view.at\/wp-content\/uploads\/2024\/01\/Baustellenfoto_2-225x300.jpg 225w, https:\/\/www.lungau-view.at\/wp-content\/uploads\/2024\/01\/Baustellenfoto_2-768x1024.jpg 768w, https:\/\/www.lungau-view.at\/wp-content\/uploads\/2024\/01\/Baustellenfoto_2-9x12.jpg 9w, https:\/\/www.lungau-view.at\/wp-content\/uploads\/2024\/01\/Baustellenfoto_2-780x1040.jpg 780w, https:\/\/www.lungau-view.at\/wp-content\/uploads\/2024\/01\/Baustellenfoto_2-600x800.jpg 600w, https:\/\/www.lungau-view.at\/wp-content\/uploads\/2024\/01\/Baustellenfoto_2-550x734.jpg 550w, https:\/\/www.lungau-view.at\/wp-content\/uploads\/2024\/01\/Baustellenfoto_2-255x340.jpg 255w, https:\/\/www.lungau-view.at\/wp-content\/uploads\/2024\/01\/Baustellenfoto_2.jpg 800w\" sizes=\"(max-width: 370px) 100vw, 370px\" \/>\t\t\t\t\t\t\t\t\t\t\t\t\t\t\t<\/div>\n\t\t\t\t<\/div>\n\t\t\t\t\t<\/div>\n\t\t<\/div>\n\t\t\t\t\t<\/div>\n\t\t<\/section>\n\t\t\t\t\t<\/div>\n\t\t<\/div>\n\t\t\t\t\t<\/div>\n\t\t<\/section>\n\t\t\t\t<section class=\"elementor-section elementor-top-section elementor-element elementor-element-429fc44f cs_scroll_y_80 cs-section-content-fullwidth cs-parallax-on-scroll elementor-section-boxed elementor-section-height-default elementor-section-height-default\" data-id=\"429fc44f\" data-element_type=\"section\" data-settings=\"{&quot;background_background&quot;:&quot;classic&quot;}\" data-cs-parallax-y=\"80\" style=\"background-image: none;\" data-cs-background-image=\"https:\/\/www.lungau-view.at\/wp-content\/uploads\/2024\/01\/image00018_o.jpg\">\n\t\t\t\t\t\t\t<div class=\"elementor-background-overlay\"><\/div>\n\t\t\t\t\t\t\t<div class=\"elementor-container elementor-column-gap-no\">\n\t\t\t\t\t<div class=\"elementor-column elementor-col-100 elementor-top-column elementor-element elementor-element-11fd9efa dark-color\" data-id=\"11fd9efa\" data-element_type=\"column\" data-settings=\"{&quot;background_background&quot;:&quot;classic&quot;}\">\n\t\t\t<div class=\"elementor-widget-wrap elementor-element-populated\">\n\t\t\t\t\t\t<div class=\"elementor-element elementor-element-4397769d cs-animation-small-offset elementor-invisible elementor-widget elementor-widget-cs_title\" data-id=\"4397769d\" data-element_type=\"widget\" data-settings=\"{&quot;_animation&quot;:&quot;fadeInUp&quot;,&quot;_animation_delay&quot;:100}\" data-widget_type=\"cs_title.default\">\n\t\t\t\t<div class=\"elementor-widget-container\">\n\t\t\t\t\t\n        <div class=\"cs-title-wrap text-center\">\t            <h4 class=\"cs-title\">\n\t                We have spent many hours remodeling and renovating this house....\u2764\ufe0f\t            <\/h4>        <\/div>\t\t\t\t<\/div>\n\t\t\t\t<\/div>\n\t\t\t\t<section class=\"elementor-section elementor-inner-section elementor-element elementor-element-fb796ae cs-animation-small-offset elementor-section-boxed elementor-section-height-default elementor-section-height-default elementor-invisible\" data-id=\"fb796ae\" data-element_type=\"section\" data-settings=\"{&quot;animation&quot;:&quot;fadeInUp&quot;,&quot;animation_delay&quot;:300}\">\n\t\t\t\t\t\t<div class=\"elementor-container elementor-column-gap-default\">\n\t\t\t\t\t<div class=\"elementor-column elementor-col-25 elementor-inner-column elementor-element elementor-element-7ebef82\" data-id=\"7ebef82\" data-element_type=\"column\">\n\t\t\t<div class=\"elementor-widget-wrap elementor-element-populated\">\n\t\t\t\t\t\t<div class=\"elementor-element elementor-element-98f5227 elementor-widget elementor-widget-counter\" data-id=\"98f5227\" data-element_type=\"widget\" data-widget_type=\"counter.default\">\n\t\t\t\t<div class=\"elementor-widget-container\">\n\t\t\t\t\t\t\t<div class=\"elementor-counter\">\n\t\t\t<div class=\"elementor-counter-title\">Interior decoration<\/div>\t\t\t<div class=\"elementor-counter-number-wrapper\">\n\t\t\t\t<span class=\"elementor-counter-number-prefix\"><\/span>\n\t\t\t\t<span class=\"elementor-counter-number\" data-duration=\"2000\" data-to-value=\"251\" data-from-value=\"0\" data-delimiter=\",\">0<\/span>\n\t\t\t\t<span class=\"elementor-counter-number-suffix\"><\/span>\n\t\t\t<\/div>\n\t\t<\/div>\n\t\t\t\t\t\t<\/div>\n\t\t\t\t<\/div>\n\t\t\t\t\t<\/div>\n\t\t<\/div>\n\t\t\t\t<div class=\"elementor-column elementor-col-25 elementor-inner-column elementor-element elementor-element-9223720\" data-id=\"9223720\" data-element_type=\"column\">\n\t\t\t<div class=\"elementor-widget-wrap elementor-element-populated\">\n\t\t\t\t\t\t<div class=\"elementor-element elementor-element-97e392c elementor-widget elementor-widget-counter\" data-id=\"97e392c\" data-element_type=\"widget\" data-widget_type=\"counter.default\">\n\t\t\t\t<div class=\"elementor-widget-container\">\n\t\t\t\t\t\t\t<div class=\"elementor-counter\">\n\t\t\t<div class=\"elementor-counter-title\">During the shell construction<\/div>\t\t\t<div class=\"elementor-counter-number-wrapper\">\n\t\t\t\t<span class=\"elementor-counter-number-prefix\"><\/span>\n\t\t\t\t<span class=\"elementor-counter-number\" data-duration=\"2000\" data-to-value=\"420\" data-from-value=\"0\" data-delimiter=\",\">0<\/span>\n\t\t\t\t<span class=\"elementor-counter-number-suffix\"><\/span>\n\t\t\t<\/div>\n\t\t<\/div>\n\t\t\t\t\t\t<\/div>\n\t\t\t\t<\/div>\n\t\t\t\t\t<\/div>\n\t\t<\/div>\n\t\t\t\t<div class=\"elementor-column elementor-col-25 elementor-inner-column elementor-element elementor-element-8e6fec6\" data-id=\"8e6fec6\" data-element_type=\"column\">\n\t\t\t<div class=\"elementor-widget-wrap elementor-element-populated\">\n\t\t\t\t\t\t<div class=\"elementor-element elementor-element-412a2fb elementor-widget elementor-widget-counter\" data-id=\"412a2fb\" data-element_type=\"widget\" data-widget_type=\"counter.default\">\n\t\t\t\t<div class=\"elementor-widget-container\">\n\t\t\t\t\t\t\t<div class=\"elementor-counter\">\n\t\t\t<div class=\"elementor-counter-title\">Cleaning \ud83d\ude42<\/div>\t\t\t<div class=\"elementor-counter-number-wrapper\">\n\t\t\t\t<span class=\"elementor-counter-number-prefix\"><\/span>\n\t\t\t\t<span class=\"elementor-counter-number\" data-duration=\"2000\" data-to-value=\"999\" data-from-value=\"0\" data-delimiter=\",\">0<\/span>\n\t\t\t\t<span class=\"elementor-counter-number-suffix\"><\/span>\n\t\t\t<\/div>\n\t\t<\/div>\n\t\t\t\t\t\t<\/div>\n\t\t\t\t<\/div>\n\t\t\t\t\t<\/div>\n\t\t<\/div>\n\t\t\t\t<div class=\"elementor-column elementor-col-25 elementor-inner-column elementor-element elementor-element-cc0b85e\" data-id=\"cc0b85e\" data-element_type=\"column\">\n\t\t\t<div class=\"elementor-widget-wrap elementor-element-populated\">\n\t\t\t\t\t\t<div class=\"elementor-element elementor-element-469b0b7 elementor-widget elementor-widget-counter\" data-id=\"469b0b7\" data-element_type=\"widget\" data-widget_type=\"counter.default\">\n\t\t\t\t<div class=\"elementor-widget-container\">\n\t\t\t\t\t\t\t<div class=\"elementor-counter\">\n\t\t\t<div class=\"elementor-counter-title\">decoration<\/div>\t\t\t<div class=\"elementor-counter-number-wrapper\">\n\t\t\t\t<span class=\"elementor-counter-number-prefix\"><\/span>\n\t\t\t\t<span class=\"elementor-counter-number\" data-duration=\"2000\" data-to-value=\"31\" data-from-value=\"0\" data-delimiter=\",\">0<\/span>\n\t\t\t\t<span class=\"elementor-counter-number-suffix\"><\/span>\n\t\t\t<\/div>\n\t\t<\/div>\n\t\t\t\t\t\t<\/div>\n\t\t\t\t<\/div>\n\t\t\t\t\t<\/div>\n\t\t<\/div>\n\t\t\t\t\t<\/div>\n\t\t<\/section>\n\t\t\t\t\t<\/div>\n\t\t<\/div>\n\t\t\t\t\t<\/div>\n\t\t<\/section>\n\t\t\t\t<\/div>","protected":false},"excerpt":{"rendered":"<p>Wir sind die &#8222;Thorwartl\u00b4s&#8220; Das LUNGAU-VIEW \u00dcber die Gastgeber: Franz und Maria haben im Sommer 2022 das Elternhaus von Franz \u00fcbernommen. Nach einer intensiven Planungsphase wurde mit der kompletten Renovierung samt Anbau im Sp\u00e4tsommer 2023 begonnen.Mit viel Herzblut und Liebe zum Detail haben sie versucht ihren G\u00e4sten einen Platz zu schaffen, der einen unvergesslichen Urlaub &#8230;<\/p>","protected":false},"author":2,"featured_media":0,"parent":0,"menu_order":0,"comment_status":"closed","ping_status":"closed","template":"template-wide-content.php","meta":{"_monsterinsights_skip_tracking":false,"_monsterinsights_sitenote_active":false,"_monsterinsights_sitenote_note":"","_monsterinsights_sitenote_category":0,"cozystay_single_page_hide_site_header":"","cozystay_single_page_site_header_source":"","cozystay_single_page_custom_site_header":"0","cozystay_single_page_custom_sticky_site_header":"0","cozystay_single_page_hide_page_title":"on","cozystay_single_page_header_section_size":"","cozystay_single_page_header_background_color":"","cozystay_single_page_header_background_position_x":"center","cozystay_single_page_header_background_position_y":"center","cozystay_single_page_header_background_size":"cover","cozystay_single_page_header_background_repeat":"off","cozystay_single_page_header_background_scroll":"on","cozystay_single_page_header_text_color":"","cozystay_single_page_header_show_breadcrumb":"","cozystay_single_page_site_footer_hide_main":"","cozystay_single_custom_site_footer_main_source":"","cozystay_single_custom_site_footer_main":"0","cozystay_single_page_site_footer_hide_above":"","cozystay_single_custom_site_footer_above_source":"","cozystay_single_custom_site_footer_above":"0","cozystay_single_page_site_footer_hide_instagram":"","cozystay_single_page_site_footer_hide_bottom":"","cozystay_single_custom_mobile_menu_source":"","cozystay_single_custom_mobile_menu":"0","cozystay_single_custom_mobile_menu_animation":"","cozystay_single_custom_mobile_menu_width":"","cozystay_single_custom_mobile_menu_custom_width":375,"footnotes":""},"class_list":["post-2492","page","type-page","status-publish","hentry"],"_links":{"self":[{"href":"https:\/\/www.lungau-view.at\/en\/wp-json\/wp\/v2\/pages\/2492","targetHints":{"allow":["GET"]}}],"collection":[{"href":"https:\/\/www.lungau-view.at\/en\/wp-json\/wp\/v2\/pages"}],"about":[{"href":"https:\/\/www.lungau-view.at\/en\/wp-json\/wp\/v2\/types\/page"}],"author":[{"embeddable":true,"href":"https:\/\/www.lungau-view.at\/en\/wp-json\/wp\/v2\/users\/2"}],"replies":[{"embeddable":true,"href":"https:\/\/www.lungau-view.at\/en\/wp-json\/wp\/v2\/comments?post=2492"}],"version-history":[{"count":1,"href":"https:\/\/www.lungau-view.at\/en\/wp-json\/wp\/v2\/pages\/2492\/revisions"}],"predecessor-version":[{"id":6047,"href":"https:\/\/www.lungau-view.at\/en\/wp-json\/wp\/v2\/pages\/2492\/revisions\/6047"}],"wp:attachment":[{"href":"https:\/\/www.lungau-view.at\/en\/wp-json\/wp\/v2\/media?parent=2492"}],"curies":[{"name":"wp","href":"https:\/\/api.w.org\/{rel}","templated":true}]}}