{"id":2,"date":"2023-10-15T10:30:32","date_gmt":"2023-10-15T08:30:32","guid":{"rendered":""},"modified":"2025-11-03T09:55:53","modified_gmt":"2025-11-03T08:55:53","slug":"impressum","status":"publish","type":"page","link":"https:\/\/www.lungau-view.at\/en\/impressum\/","title":{"rendered":"imprint"},"content":{"rendered":"<div data-elementor-type=\"wp-page\" data-elementor-id=\"2\" class=\"elementor elementor-2\" data-elementor-post-type=\"page\">\n\t\t\t\t<div class=\"elementor-element elementor-element-6af9bbf e-flex e-con-boxed e-con e-parent\" data-id=\"6af9bbf\" data-element_type=\"container\">\n\t\t\t\t\t<div class=\"e-con-inner\">\n\t\t\t\t<div class=\"elementor-element elementor-element-611aea2 elementor-widget elementor-widget-text-editor\" data-id=\"611aea2\" data-element_type=\"widget\" data-widget_type=\"text-editor.default\">\n\t\t\t\t<div class=\"elementor-widget-container\">\n\t\t\t\t\t\t\t\t\t<h2 style=\"font-style: normal; letter-spacing: normal; text-transform: none; box-sizing: inherit; margin-bottom: 0.5rem; font-family: 'Roboto Slab', Georgia, 'Times New Roman', Times, serif; font-weight: bold; line-height: 1.2;\">According to \u00a7 5 TMG:<\/h2><p style=\"box-sizing: inherit; margin-bottom: 1rem; color: #ffff; font-family: 'Open Sans', Helvetica, Arial, sans-serif; font-size: 18px;\">Legal form: sole proprietorship<br style=\"box-sizing: inherit;\" \/>Franz Werner and Maria Thorwartl<br style=\"box-sizing: inherit;\" \/>Stampfl 26<br style=\"box-sizing: inherit;\" \/>5570 Mauterndorf<br style=\"box-sizing: inherit;\" \/>Austria<\/p><h2 style=\"font-style: normal; letter-spacing: normal; text-transform: none; box-sizing: inherit; margin-bottom: 0.5rem; font-family: 'Roboto Slab', Georgia, 'Times New Roman', Times, serif; font-weight: bold; line-height: 1.2; color: #; caret-color: #;\">Represented by:<\/h2><p style=\"box-sizing: inherit; margin-bottom: 1rem; caret-color: #; color: #ffffff; font-family: 'Open Sans', Helvetica, Arial, sans-serif; font-size: 18px;\">Franz Werner Thorwartl<\/p><h2 style=\"font-style: normal; letter-spacing: normal; text-transform: none; box-sizing: inherit; margin-bottom: 0.5rem; font-family: 'Roboto Slab', Georgia, 'Times New Roman', Times, serif; font-weight: bold; line-height: 1.2; color: #; caret-color: #56676b;\">Contact:<\/h2><table style=\"box-sizing: inherit; background-color: #53621; border-right-width: 0px; border-bottom-width: 0px; border-color: rgba(0, 0, 0, 0.1); margin-bottom: 1.666667rem; table-layout: fixed; width: 795px; caret-color: #; color: #ffffff; font-family: 'Open Sans', Helvetica, Arial, sans-serif; font-size: 18px;\"><tbody style=\"box-sizing: inherit;\"><tr style=\"box-sizing: inherit;\"><td style=\"box-sizing: inherit; border-width: 0px 1px 1px 0px; border-bottom-style: solid; border-color: rgba(0, 0, 0, 0.1); padding: 0.555556rem;\">Phone: +43 (0) 660 1900029<\/td><td style=\"box-sizing: inherit; border-width: 0px 1px 1px 0px; border-bottom-style: solid; border-color: rgba(0, 0, 0, 0.1); padding: 0.555556rem;\">\u00a0<\/td><\/tr><tr style=\"box-sizing: inherit;\"><td style=\"box-sizing: inherit; border-width: 0px 1px 1px 0px; border-color: rgba(0, 0, 0, 0.1); padding: 0.555556rem;\">Email: welcome@lungau-view.at<\/td><td style=\"box-sizing: inherit; border-width: 0px 1px 1px 0px; border-color: rgba(0, 0, 0, 0.1); padding: 0.555556rem;\">\u00a0<\/td><\/tr><\/tbody><\/table><h2 style=\"font-style: normal; letter-spacing: normal; text-transform: none; box-sizing: inherit; margin-bottom: 0.5rem; font-family: 'Roboto Slab', Georgia, 'Times New Roman', Times, serif; font-weight: bold; line-height: 1.2; color: #ffff; caret-color: #56676b;\">Sources for the images and graphics used:<\/h2><p style=\"box-sizing: inherit; margin-bottom: 1rem; color: #ffffff; font-family: 'Open Sans', Helvetica, Arial, sans-serif; font-size: 18px;\">\u00a9Images of the \u201cLungau holiday region\u201d\u00a0<\/p><p style=\"box-sizing: inherit; margin-bottom: 1rem; color: #ffffff; font-family: 'Open Sans', Helvetica, Arial, sans-serif; font-size: 18px;\"><span style=\"text-align: var(--text-align);\">\u00a9MarionFeichtnerGmbH | TheTravelBirds\u00a0<\/span><\/p><p style=\"box-sizing: inherit; margin-bottom: 1rem; color: #ffffff; font-family: 'Open Sans', Helvetica, Arial, sans-serif; font-size: 18px;\">(Distribution to third parties is not permitted. For press-relevant content, consent must be obtained from the author at tamara@thetravelbirds.at. The right to edit lies with the author | Marion Feichtner GmbH. The images may not be subsequently altered by other filters.)<\/p><p style=\"box-sizing: inherit; margin-bottom: 1rem; color: #ffffff; font-family: 'Open Sans', Helvetica, Arial, sans-serif; font-size: 18px;\">\u00a9Pixabay,<br style=\"box-sizing: inherit;\" \/>\u00a9leonmedia.tv<\/p><p style=\"box-sizing: inherit; margin-bottom: 1rem; color: #ffffff; font-family: 'Open Sans', Helvetica, Arial, sans-serif; font-size: 18px;\">\u00a9graphicsfamily.com<br style=\"box-sizing: inherit;\" \/>\u00a9AdSimple<\/p><p style=\"box-sizing: inherit; margin-bottom: 1rem; color: #ffffff; font-family: 'Open Sans', Helvetica, Arial, sans-serif; font-size: 18px;\">Audio file from musicfox, license Bright Motivation<\/p><p style=\"box-sizing: inherit; margin-bottom: 1rem; color: #ffffff; font-family: 'Open Sans', Helvetica, Arial, sans-serif; font-size: 18px;\">\u00a0<\/p><p style=\"box-sizing: inherit; margin-bottom: 1rem; font-family: 'Open Sans', Helvetica, Arial, sans-serif; font-size: 18px;\">Plugin by\u00a0<a style=\"box-sizing: inherit; color: #a8a4a0; touch-action: manipulation;\" href=\"http:\/\/www.impressum-manager.com\/\">http:\/\/www.impressum-manager.com<\/a><\/p><p style=\"box-sizing: inherit; color: #; font-family: 'Open Sans', Helvetica, Arial, sans-serif; font-size: 18px;\">Source:\u00a0<em style=\"box-sizing: inherit;\"><a style=\"box-sizing: inherit; color: #a8a4a0; touch-action: manipulation;\" href=\"http:\/\/www.e-recht24.de\/impressum-generator.html\" rel=\"nofollow\">http:\/\/www.e-recht24.de<\/a><\/em><\/p>\t\t\t\t\t\t\t\t<\/div>\n\t\t\t\t<\/div>\n\t\t\t\t\t<\/div>\n\t\t\t\t<\/div>\n\t\t\t\t<\/div>","protected":false},"excerpt":{"rendered":"<p>Angaben gem\u00e4\u00df \u00a7 5 TMG: Rechtsform: EinzelunternehmenFranz Werner und Maria ThorwartlStampfl 265570 Mauterndorf\u00d6sterreich Vertreten durch: Franz Werner Thorwartl Kontakt: Telefon: +43 (0) 660 1900029 \u00a0 E-Mail: welcome@lungau-view.at \u00a0 Quellenangaben f\u00fcr die verwendeten Bilder und Grafiken: \u00a9Bilder der &#8222;Ferienregion Lungau&#8220;\u00a0 \u00a9MarionFeichtnerGmbH | TheTravelBirds\u00a0 (Die Weitergabe an Dritte ist nicht gestattet. F\u00fcr presserelevante Inhalte muss die Einverst\u00e4ndniserkl\u00e4rung &#8230;<\/p>","protected":false},"author":1,"featured_media":0,"parent":0,"menu_order":0,"comment_status":"closed","ping_status":"closed","template":"template-fullwidth.php","meta":{"_monsterinsights_skip_tracking":false,"_monsterinsights_sitenote_active":false,"_monsterinsights_sitenote_note":"","_monsterinsights_sitenote_category":0,"cozystay_single_page_hide_site_header":"","cozystay_single_page_site_header_source":"","cozystay_single_page_custom_site_header":"0","cozystay_single_page_custom_sticky_site_header":"0","cozystay_single_page_hide_page_title":"","cozystay_single_page_header_section_size":"","cozystay_single_page_header_background_color":"","cozystay_single_page_header_background_position_x":"center","cozystay_single_page_header_background_position_y":"center","cozystay_single_page_header_background_size":"cover","cozystay_single_page_header_background_repeat":"off","cozystay_single_page_header_background_scroll":"on","cozystay_single_page_header_text_color":"","cozystay_single_page_header_show_breadcrumb":"","cozystay_single_page_site_footer_hide_main":"","cozystay_single_custom_site_footer_main_source":"","cozystay_single_custom_site_footer_main":"0","cozystay_single_page_site_footer_hide_above":"","cozystay_single_custom_site_footer_above_source":"","cozystay_single_custom_site_footer_above":"0","cozystay_single_page_site_footer_hide_instagram":"","cozystay_single_page_site_footer_hide_bottom":"","cozystay_single_custom_mobile_menu_source":"","cozystay_single_custom_mobile_menu":"0","cozystay_single_custom_mobile_menu_animation":"","cozystay_single_custom_mobile_menu_width":"","cozystay_single_custom_mobile_menu_custom_width":375,"footnotes":""},"class_list":["post-2","page","type-page","status-publish","hentry"],"_links":{"self":[{"href":"https:\/\/www.lungau-view.at\/en\/wp-json\/wp\/v2\/pages\/2","targetHints":{"allow":["GET"]}}],"collection":[{"href":"https:\/\/www.lungau-view.at\/en\/wp-json\/wp\/v2\/pages"}],"about":[{"href":"https:\/\/www.lungau-view.at\/en\/wp-json\/wp\/v2\/types\/page"}],"author":[{"embeddable":true,"href":"https:\/\/www.lungau-view.at\/en\/wp-json\/wp\/v2\/users\/1"}],"replies":[{"embeddable":true,"href":"https:\/\/www.lungau-view.at\/en\/wp-json\/wp\/v2\/comments?post=2"}],"version-history":[{"count":18,"href":"https:\/\/www.lungau-view.at\/en\/wp-json\/wp\/v2\/pages\/2\/revisions"}],"predecessor-version":[{"id":6489,"href":"https:\/\/www.lungau-view.at\/en\/wp-json\/wp\/v2\/pages\/2\/revisions\/6489"}],"wp:attachment":[{"href":"https:\/\/www.lungau-view.at\/en\/wp-json\/wp\/v2\/media?parent=2"}],"curies":[{"name":"wp","href":"https:\/\/api.w.org\/{rel}","templated":true}]}}