{"id":891,"date":"2023-04-28T15:58:04","date_gmt":"2023-04-28T15:58:04","guid":{"rendered":"https:\/\/cozystay.loftocean.com\/mountain-hotel\/?page_id=891"},"modified":"2025-10-27T11:42:20","modified_gmt":"2025-10-27T10:42:20","slug":"lungaucard","status":"publish","type":"page","link":"https:\/\/www.lungau-view.at\/de\/lungaucard\/","title":{"rendered":"LungauCard"},"content":{"rendered":"\t\t<div data-elementor-type=\"wp-page\" data-elementor-id=\"891\" class=\"elementor elementor-891\" data-elementor-post-type=\"page\">\n\t\t\t\t\t\t<section class=\"elementor-section elementor-top-section elementor-element elementor-element-50b085d1 elementor-section-height-min-height cs-section-content-fullwidth cs-parallax-on-scroll cs_scroll_y_80 elementor-section-boxed elementor-section-height-default elementor-section-items-middle\" data-id=\"50b085d1\" data-element_type=\"section\" data-settings=\"{&quot;background_background&quot;:&quot;classic&quot;}\" data-cs-parallax-y=\"80\" style=\"background-image: none;\" data-cs-background-image=\"https:\/\/www.lungau-view.at\/wp-content\/uploads\/2023\/12\/winteransicht_bildnachweis-ferienregion-salzburger-lungau_39860371414_o.jpg\">\n\t\t\t\t\t\t\t<div class=\"elementor-background-overlay\"><\/div>\n\t\t\t\t\t\t\t<div class=\"elementor-container elementor-column-gap-no\">\n\t\t\t\t\t<div class=\"elementor-column elementor-col-100 elementor-top-column elementor-element elementor-element-4d5e32ab dark-color\" data-id=\"4d5e32ab\" data-element_type=\"column\">\n\t\t\t<div class=\"elementor-widget-wrap elementor-element-populated\">\n\t\t\t\t\t\t<div class=\"elementor-element elementor-element-4b1aa07a elementor-widget elementor-widget-cs_title\" data-id=\"4b1aa07a\" data-element_type=\"widget\" data-widget_type=\"cs_title.default\">\n\t\t\t\t<div class=\"elementor-widget-container\">\n\t\t\t\t\t\n        <div class=\"cs-title-wrap text-center\">\t            <div class=\"cs-subtitle-wrap\"><span class=\"cs-subtitle color-white\">eine riesengro\u00dfe Vielfalt an kostenlosen und erm\u00e4\u00dfigten Aktivit\u00e4ten f\u00fcr die ganze Familie<\/span><\/div>\t            <h1 class=\"cs-title\">\n\t                Die \"lungau Card\"\t            <\/h1>\t            <div class=\"cs-title-text\">\n\t                <h2 class=\"h3 \">DIE KOSTENLOSE G\u00c4STEKARTE F\u00dcR DEINEN FAMILIENURLAUB<\/h2>\t            <\/div>        <\/div>\t\t\t\t<\/div>\n\t\t\t\t<\/div>\n\t\t\t\t\t<\/div>\n\t\t<\/div>\n\t\t\t\t\t<\/div>\n\t\t<\/section>\n\t\t\t\t<section class=\"elementor-section elementor-top-section elementor-element elementor-element-4c893ae elementor-section-boxed elementor-section-height-default elementor-section-height-default\" data-id=\"4c893ae\" data-element_type=\"section\">\n\t\t\t\t\t\t<div class=\"elementor-container elementor-column-gap-no\">\n\t\t\t\t\t<div class=\"elementor-column elementor-col-100 elementor-top-column elementor-element elementor-element-3925c4e\" data-id=\"3925c4e\" data-element_type=\"column\">\n\t\t\t<div class=\"elementor-widget-wrap elementor-element-populated\">\n\t\t\t\t\t\t<div class=\"elementor-element elementor-element-a596e7a elementor-widget elementor-widget-cs_title\" data-id=\"a596e7a\" data-element_type=\"widget\" data-widget_type=\"cs_title.default\">\n\t\t\t\t<div class=\"elementor-widget-container\">\n\t\t\t\t\t\n        <div class=\"cs-title-wrap text-center\">\t            <h3 class=\"cs-title color-white\">\n\t                Die \"Bonuskarte\"\t            <\/h3>        <\/div>\t\t\t\t<\/div>\n\t\t\t\t<\/div>\n\t\t\t\t<div class=\"elementor-element elementor-element-b6503d0 elementor-widget elementor-widget-cs_title\" data-id=\"b6503d0\" data-element_type=\"widget\" data-widget_type=\"cs_title.default\">\n\t\t\t\t<div class=\"elementor-widget-container\">\n\t\t\t\t\t\n        <div class=\"cs-title-wrap text-center\">\t            <div class=\"cs-title-text\">\n\t                <p style=\"font-weight: 400;\">Die LungauCard, die Sie von uns erhalten, ist wie bares Geld: Sie verschafft Ihnen kostenlosen oder erm\u00e4\u00dfigten Zugang zu zahlreichen Bergbahnen, Sehensw\u00fcrdigkeiten, Ausflugszielen, Wellness-Angeboten oder Schwimmb\u00e4dern im gesamten Lungau. Diese G\u00e4stekarte macht sich echt bezahlt!<\/p><p style=\"font-weight: 400;\">Setzen Sie auf das LUNGAU-VIEW. Und die Ungewissheit verwandelt sich in das angenehme Gef\u00fchl, dass tats\u00e4chlich alles so ist, wie wir es hier beschreiben.<\/p>\t            <\/div>        <\/div>\t\t\t\t<\/div>\n\t\t\t\t<\/div>\n\t\t\t\t\t<\/div>\n\t\t<\/div>\n\t\t\t\t\t<\/div>\n\t\t<\/section>\n\t\t<div class=\"elementor-element elementor-element-bb0c6f6 e-flex e-con-boxed e-con e-parent\" data-id=\"bb0c6f6\" data-element_type=\"container\">\n\t\t\t\t\t<div class=\"e-con-inner\">\n\t\t\t\t<div class=\"elementor-element elementor-element-0b9c71a elementor-widget elementor-widget-image\" data-id=\"0b9c71a\" data-element_type=\"widget\" data-widget_type=\"image.default\">\n\t\t\t\t<div class=\"elementor-widget-container\">\n\t\t\t\t\t\t\t\t\t\t\t\t\t\t\t\t<a href=\"https:\/\/www.lungau.at\/de\/typisch-lungau\/lungaucard\/sommer\/\">\n\t\t\t\t\t\t\t<img fetchpriority=\"high\" decoding=\"async\" width=\"600\" height=\"388\" src=\"https:\/\/www.lungau-view.at\/wp-content\/uploads\/2025\/03\/LC-Sommer_Vorderseite2-600x388.webp\" class=\"attachment-cozystay_600x9999 size-cozystay_600x9999 wp-image-6253\" alt=\"\" srcset=\"https:\/\/www.lungau-view.at\/wp-content\/uploads\/2025\/03\/LC-Sommer_Vorderseite2-600x388.webp 600w, https:\/\/www.lungau-view.at\/wp-content\/uploads\/2025\/03\/LC-Sommer_Vorderseite2-300x194.webp 300w, https:\/\/www.lungau-view.at\/wp-content\/uploads\/2025\/03\/LC-Sommer_Vorderseite2-1024x662.webp 1024w, https:\/\/www.lungau-view.at\/wp-content\/uploads\/2025\/03\/LC-Sommer_Vorderseite2-768x496.webp 768w, https:\/\/www.lungau-view.at\/wp-content\/uploads\/2025\/03\/LC-Sommer_Vorderseite2-18x12.webp 18w, https:\/\/www.lungau-view.at\/wp-content\/uploads\/2025\/03\/LC-Sommer_Vorderseite2-780x504.webp 780w, https:\/\/www.lungau-view.at\/wp-content\/uploads\/2025\/03\/LC-Sommer_Vorderseite2-550x355.webp 550w, https:\/\/www.lungau-view.at\/wp-content\/uploads\/2025\/03\/LC-Sommer_Vorderseite2-370x239.webp 370w, https:\/\/www.lungau-view.at\/wp-content\/uploads\/2025\/03\/LC-Sommer_Vorderseite2-255x165.webp 255w, https:\/\/www.lungau-view.at\/wp-content\/uploads\/2025\/03\/LC-Sommer_Vorderseite2.webp 1060w\" sizes=\"(max-width: 600px) 100vw, 600px\" \/>\t\t\t\t\t\t\t\t<\/a>\n\t\t\t\t\t\t\t\t\t\t\t\t\t\t\t<\/div>\n\t\t\t\t<\/div>\n\t\t\t\t\t<\/div>\n\t\t\t\t<\/div>\n\t\t\t\t<section class=\"elementor-section elementor-top-section elementor-element elementor-element-13cb3bc cs-section-content-fullwidth cs-parallax-on-scroll cs_scroll_y_80 elementor-section-boxed elementor-section-height-default elementor-section-height-default\" data-id=\"13cb3bc\" data-element_type=\"section\" data-settings=\"{&quot;background_background&quot;:&quot;classic&quot;}\" data-cs-parallax-y=\"80\" style=\"background-image: none;\" data-cs-background-image=\"https:\/\/www.lungau-view.at\/wp-content\/uploads\/2023\/12\/Vierteleck-Tweng-3-1200x388.jpg\">\n\t\t\t\t\t\t\t<div class=\"elementor-background-overlay\"><\/div>\n\t\t\t\t\t\t\t<div class=\"elementor-container elementor-column-gap-no\">\n\t\t\t\t\t<div class=\"elementor-column elementor-col-100 elementor-top-column elementor-element elementor-element-e2bcc72 dark-color\" data-id=\"e2bcc72\" data-element_type=\"column\">\n\t\t\t<div class=\"elementor-widget-wrap elementor-element-populated\">\n\t\t\t\t\t\t<div class=\"elementor-element elementor-element-65a9c72 cs-animation-small-offset elementor-invisible elementor-widget elementor-widget-cs_title\" data-id=\"65a9c72\" data-element_type=\"widget\" data-settings=\"{&quot;_animation&quot;:&quot;fadeInUp&quot;,&quot;_animation_delay&quot;:150}\" data-widget_type=\"cs_title.default\">\n\t\t\t\t<div class=\"elementor-widget-container\">\n\t\t\t\t\t\n        <div class=\"cs-title-wrap text-center\">\t            <div class=\"cs-subtitle-wrap\"><span class=\"cs-subtitle\">\"Das Lungau-view\"<\/span><\/div>\t            <h3 class=\"cs-title\">\n\t                Reif f\u00fcr die Insel? Machen Sie Urlaub im lungau-view\t            <\/h3>        <\/div>\t\t\t\t<\/div>\n\t\t\t\t<\/div>\n\t\t\t\t\t<\/div>\n\t\t<\/div>\n\t\t\t\t\t<\/div>\n\t\t<\/section>\n\t\t\t\t<\/div>\n\t\t","protected":false},"excerpt":{"rendered":"<p>eine riesengro\u00dfe Vielfalt an kostenlosen und erm\u00e4\u00dfigten Aktivit\u00e4ten f\u00fcr die ganze Familie Die &#8222;lungau Card&#8220; DIE KOSTENLOSE G\u00c4STEKARTE F\u00dcR DEINEN FAMILIENURLAUB Die &#8222;Bonuskarte&#8220; Die LungauCard, die Sie von uns erhalten, ist wie bares Geld: Sie verschafft Ihnen kostenlosen oder erm\u00e4\u00dfigten Zugang zu zahlreichen Bergbahnen, Sehensw\u00fcrdigkeiten, Ausflugszielen, Wellness-Angeboten oder Schwimmb\u00e4dern im gesamten Lungau. Diese G\u00e4stekarte macht &#8230;<\/p>\n","protected":false},"author":2,"featured_media":0,"parent":0,"menu_order":0,"comment_status":"closed","ping_status":"closed","template":"template-wide-content.php","meta":{"_monsterinsights_skip_tracking":false,"_monsterinsights_sitenote_active":false,"_monsterinsights_sitenote_note":"","_monsterinsights_sitenote_category":0,"cozystay_single_page_hide_site_header":"","cozystay_single_page_site_header_source":"","cozystay_single_page_custom_site_header":"0","cozystay_single_page_custom_sticky_site_header":"0","cozystay_single_page_hide_page_title":"on","cozystay_single_page_header_section_size":"","cozystay_single_page_header_background_color":"","cozystay_single_page_header_background_position_x":"center","cozystay_single_page_header_background_position_y":"center","cozystay_single_page_header_background_size":"cover","cozystay_single_page_header_background_repeat":"off","cozystay_single_page_header_background_scroll":"on","cozystay_single_page_header_text_color":"","cozystay_single_page_header_show_breadcrumb":"","cozystay_single_page_site_footer_hide_main":"","cozystay_single_custom_site_footer_main_source":"","cozystay_single_custom_site_footer_main":"0","cozystay_single_page_site_footer_hide_above":"","cozystay_single_custom_site_footer_above_source":"","cozystay_single_custom_site_footer_above":"0","cozystay_single_page_site_footer_hide_instagram":"","cozystay_single_page_site_footer_hide_bottom":"","cozystay_single_custom_mobile_menu_source":"","cozystay_single_custom_mobile_menu":"0","cozystay_single_custom_mobile_menu_animation":"","cozystay_single_custom_mobile_menu_width":"","cozystay_single_custom_mobile_menu_custom_width":375,"footnotes":""},"class_list":["post-891","page","type-page","status-publish","hentry"],"_links":{"self":[{"href":"https:\/\/www.lungau-view.at\/de\/wp-json\/wp\/v2\/pages\/891","targetHints":{"allow":["GET"]}}],"collection":[{"href":"https:\/\/www.lungau-view.at\/de\/wp-json\/wp\/v2\/pages"}],"about":[{"href":"https:\/\/www.lungau-view.at\/de\/wp-json\/wp\/v2\/types\/page"}],"author":[{"embeddable":true,"href":"https:\/\/www.lungau-view.at\/de\/wp-json\/wp\/v2\/users\/2"}],"replies":[{"embeddable":true,"href":"https:\/\/www.lungau-view.at\/de\/wp-json\/wp\/v2\/comments?post=891"}],"version-history":[{"count":12,"href":"https:\/\/www.lungau-view.at\/de\/wp-json\/wp\/v2\/pages\/891\/revisions"}],"predecessor-version":[{"id":6454,"href":"https:\/\/www.lungau-view.at\/de\/wp-json\/wp\/v2\/pages\/891\/revisions\/6454"}],"wp:attachment":[{"href":"https:\/\/www.lungau-view.at\/de\/wp-json\/wp\/v2\/media?parent=891"}],"curies":[{"name":"wp","href":"https:\/\/api.w.org\/{rel}","templated":true}]}}