{"id":5612,"date":"2024-01-29T11:04:11","date_gmt":"2024-01-29T10:04:11","guid":{"rendered":"https:\/\/www.lungau-view.at\/?page_id=5612"},"modified":"2025-10-27T15:44:32","modified_gmt":"2025-10-27T14:44:32","slug":"aktiv-erleben-wohlfuehlen","status":"publish","type":"page","link":"https:\/\/www.lungau-view.at\/de\/aktiv-erleben-wohlfuehlen\/","title":{"rendered":"Aktiv, Erleben &amp; Wohlf\u00fchlen"},"content":{"rendered":"\t\t<div data-elementor-type=\"wp-page\" data-elementor-id=\"5612\" class=\"elementor elementor-5612\" data-elementor-post-type=\"page\">\n\t\t\t\t\t\t<section class=\"elementor-section elementor-top-section elementor-element elementor-element-91a02d cs-section-content-fullwidth cs-parallax-on-scroll cs_scroll_y_100 elementor-section-boxed elementor-section-height-default elementor-section-height-default\" data-id=\"91a02d\" data-element_type=\"section\" data-settings=\"{&quot;background_background&quot;:&quot;classic&quot;,&quot;shape_divider_bottom&quot;:&quot;arrow&quot;}\" data-cs-parallax-y=\"100\">\n\t\t\t\t\t\t\t<div class=\"elementor-background-overlay\"><\/div>\n\t\t\t\t\t\t<div class=\"elementor-shape elementor-shape-bottom\" aria-hidden=\"true\" data-negative=\"false\">\n\t\t\t<svg xmlns=\"http:\/\/www.w3.org\/2000\/svg\" viewBox=\"0 0 700 10\" preserveAspectRatio=\"none\">\n\t<path class=\"elementor-shape-fill\" d=\"M350,10L340,0h20L350,10z\"\/>\n<\/svg>\t\t<\/div>\n\t\t\t\t\t<div class=\"elementor-container elementor-column-gap-no\">\n\t\t\t\t\t<div class=\"elementor-column elementor-col-100 elementor-top-column elementor-element elementor-element-64891c8f dark-color\" data-id=\"64891c8f\" data-element_type=\"column\">\n\t\t\t<div class=\"elementor-widget-wrap elementor-element-populated\">\n\t\t\t\t\t\t<div class=\"elementor-element elementor-element-482425aa elementor-widget elementor-widget-cs_title\" data-id=\"482425aa\" data-element_type=\"widget\" data-widget_type=\"cs_title.default\">\n\t\t\t\t<div class=\"elementor-widget-container\">\n\t\t\t\t\t\n        <div class=\"cs-title-wrap text-center\">\t            <div class=\"cs-subtitle-wrap\"><span class=\"cs-subtitle color-white\">Mauterndorf im Salzburger Land<\/span><\/div>\t            <h4 class=\"cs-title\">\n\t                Aktivit\u00e4ten\t            <\/h4>\t            <div class=\"cs-title-text\">\n\t                <p>Wer einen Urlaub bucht, will sich von der Schwerkraft des Alltags l\u00f6sen. Im LUNGAU-VIEW, das im Herzen des Lungaus liegt, f\u00e4llt das besonders leicht. Hinaufsteigen, sich vorantasten: am besten mit der kostenlosen G\u00e4stekarte f\u00fcr deinen Familienurlaub: <a href=\"https:\/\/www.lungau.at\/de\/sommer\/lungaucard-sommer\">die LungauCard<\/a><\/p><p>Der Salzburger Lungau ist unumstritten ein einzigartiges Urlaubsziel voller \u00dcberraschungen. Im s\u00fcdlichsten Teil des Salzburger Landes erwartet Familien unber\u00fchrte Natur und unz\u00e4hlige Abenteuer. Ob beim Wandern zu Almh\u00fctten und Bergseen, beim Baden im Prebersee, beim Klettern im Outdoor-Parc oder beim Entdecken historischer Burgen \u2013 der Lungau bietet ein rundum stimmiges Familienabenteuer.<\/p>\t            <\/div>        <\/div>\t\t\t\t<\/div>\n\t\t\t\t<\/div>\n\t\t\t\t\t<\/div>\n\t\t<\/div>\n\t\t\t\t\t<\/div>\n\t\t<\/section>\n\t\t\t\t<section class=\"elementor-section elementor-top-section elementor-element elementor-element-cb13ca7 elementor-section-full_width elementor-section-height-default elementor-section-height-default\" data-id=\"cb13ca7\" data-element_type=\"section\">\n\t\t\t\t\t\t<div class=\"elementor-container elementor-column-gap-no\">\n\t\t\t\t\t<div class=\"elementor-column elementor-col-33 elementor-top-column elementor-element elementor-element-2675d19a\" data-id=\"2675d19a\" data-element_type=\"column\">\n\t\t\t<div class=\"elementor-widget-wrap elementor-element-populated\">\n\t\t\t\t\t\t<div class=\"elementor-element elementor-element-6341cc2c elementor-widget elementor-widget-cs_title\" data-id=\"6341cc2c\" data-element_type=\"widget\" data-widget_type=\"cs_title.default\">\n\t\t\t\t<div class=\"elementor-widget-container\">\n\t\t\t\t\t\n        <div class=\"cs-title-wrap text-center\">\t            <h6 class=\"cs-title color-white\">\n\t                IM WINTER\t            <\/h6>\t            <div class=\"cs-title-text color-white\">\n\t                <p>Skifahren, Snowboarden oder Langlaufen, eine Skitour gehen oder in Schneeschuhen durch den Winter streifen&#8230;<\/p>\t            <\/div>        <\/div>\t\t\t\t<\/div>\n\t\t\t\t<\/div>\n\t\t\t\t<div class=\"elementor-element elementor-element-8ddb308 elementor-align-center elementor-widget elementor-widget-cs_button\" data-id=\"8ddb308\" data-element_type=\"widget\" data-widget_type=\"cs_button.default\">\n\t\t\t\t<div class=\"elementor-widget-container\">\n\t\t\t\t\t        <a href=\"https:\/\/www.mauterndorf.com\/winter\/skiurlaub-mauterndorf\/\" class=\"elementor-button-link button cs-btn-pill\" role=\"button\">\n            <span class=\"cs-btn-text\">Mehr Informationen...<\/span>        <\/a>\t\t\t\t<\/div>\n\t\t\t\t<\/div>\n\t\t\t\t<div class=\"elementor-element elementor-element-bd6e6a7 elementor-widget elementor-widget-image\" data-id=\"bd6e6a7\" data-element_type=\"widget\" data-widget_type=\"image.default\">\n\t\t\t\t<div class=\"elementor-widget-container\">\n\t\t\t\t\t\t\t\t\t\t\t\t\t\t\t\t<a href=\"https:\/\/www.mauterndorf.com\/sommer\/wandern-natur-nordic-walking\/\">\n\t\t\t\t\t\t\t<img fetchpriority=\"high\" decoding=\"async\" width=\"1024\" height=\"683\" src=\"https:\/\/www.lungau-view.at\/wp-content\/uploads\/2023\/12\/Headerbild_1-1024x683.jpg\" class=\"attachment-large size-large wp-image-3362\" alt=\"\" srcset=\"https:\/\/www.lungau-view.at\/wp-content\/uploads\/2023\/12\/Headerbild_1-1024x683.jpg 1024w, https:\/\/www.lungau-view.at\/wp-content\/uploads\/2023\/12\/Headerbild_1-300x200.jpg 300w, https:\/\/www.lungau-view.at\/wp-content\/uploads\/2023\/12\/Headerbild_1-768x512.jpg 768w, https:\/\/www.lungau-view.at\/wp-content\/uploads\/2023\/12\/Headerbild_1-1536x1024.jpg 1536w, https:\/\/www.lungau-view.at\/wp-content\/uploads\/2023\/12\/Headerbild_1-1440x960.jpg 1440w, https:\/\/www.lungau-view.at\/wp-content\/uploads\/2023\/12\/Headerbild_1-1200x800.jpg 1200w, https:\/\/www.lungau-view.at\/wp-content\/uploads\/2023\/12\/Headerbild_1-780x520.jpg 780w, https:\/\/www.lungau-view.at\/wp-content\/uploads\/2023\/12\/Headerbild_1-600x400.jpg 600w, https:\/\/www.lungau-view.at\/wp-content\/uploads\/2023\/12\/Headerbild_1-550x367.jpg 550w, https:\/\/www.lungau-view.at\/wp-content\/uploads\/2023\/12\/Headerbild_1-370x247.jpg 370w, https:\/\/www.lungau-view.at\/wp-content\/uploads\/2023\/12\/Headerbild_1-255x170.jpg 255w, https:\/\/www.lungau-view.at\/wp-content\/uploads\/2023\/12\/Headerbild_1-150x100.jpg 150w, https:\/\/www.lungau-view.at\/wp-content\/uploads\/2023\/12\/Headerbild_1.jpg 1920w\" sizes=\"(max-width: 1024px) 100vw, 1024px\" \/>\t\t\t\t\t\t\t\t<\/a>\n\t\t\t\t\t\t\t\t\t\t\t\t\t\t\t<\/div>\n\t\t\t\t<\/div>\n\t\t\t\t<div class=\"elementor-element elementor-element-ac22b07 elementor-widget elementor-widget-image\" data-id=\"ac22b07\" data-element_type=\"widget\" data-widget_type=\"image.default\">\n\t\t\t\t<div class=\"elementor-widget-container\">\n\t\t\t\t\t\t\t\t\t\t\t\t\t\t\t<img decoding=\"async\" width=\"680\" height=\"1020\" src=\"https:\/\/www.lungau-view.at\/wp-content\/uploads\/2023\/05\/img-19-2.jpg\" class=\"attachment-large size-large wp-image-1830\" alt=\"\" srcset=\"https:\/\/www.lungau-view.at\/wp-content\/uploads\/2023\/05\/img-19-2.jpg 680w, https:\/\/www.lungau-view.at\/wp-content\/uploads\/2023\/05\/img-19-2-100x150.jpg 100w, https:\/\/www.lungau-view.at\/wp-content\/uploads\/2023\/05\/img-19-2-600x900.jpg 600w, https:\/\/www.lungau-view.at\/wp-content\/uploads\/2023\/05\/img-19-2-200x300.jpg 200w, https:\/\/www.lungau-view.at\/wp-content\/uploads\/2023\/05\/img-19-2-550x825.jpg 550w, https:\/\/www.lungau-view.at\/wp-content\/uploads\/2023\/05\/img-19-2-370x555.jpg 370w, https:\/\/www.lungau-view.at\/wp-content\/uploads\/2023\/05\/img-19-2-255x383.jpg 255w\" sizes=\"(max-width: 680px) 100vw, 680px\" \/>\t\t\t\t\t\t\t\t\t\t\t\t\t\t\t<\/div>\n\t\t\t\t<\/div>\n\t\t\t\t\t<\/div>\n\t\t<\/div>\n\t\t\t\t<div class=\"elementor-column elementor-col-33 elementor-top-column elementor-element elementor-element-5b89e404\" data-id=\"5b89e404\" data-element_type=\"column\">\n\t\t\t<div class=\"elementor-widget-wrap elementor-element-populated\">\n\t\t\t\t\t\t<div class=\"elementor-element elementor-element-372e5110 elementor-widget elementor-widget-cs_title\" data-id=\"372e5110\" data-element_type=\"widget\" data-widget_type=\"cs_title.default\">\n\t\t\t\t<div class=\"elementor-widget-container\">\n\t\t\t\t\t\n        <div class=\"cs-title-wrap text-center\">\t            <div class=\"cs-subtitle-wrap\"><span class=\"cs-subtitle color-white\">Lungau-view<\/span><\/div>\t            <h4 class=\"cs-title\">\n\t                Was dein Herz begehrt...\t            <\/h4>\t            <div class=\"cs-title-text\">\n\t                <p>In der Natur der Sache&#8230;.<\/p>\t            <\/div>        <\/div>\t\t\t\t<\/div>\n\t\t\t\t<\/div>\n\t\t\t\t<div class=\"elementor-element elementor-element-748b344 elementor-widget elementor-widget-image\" data-id=\"748b344\" data-element_type=\"widget\" data-widget_type=\"image.default\">\n\t\t\t\t<div class=\"elementor-widget-container\">\n\t\t\t\t\t\t\t\t\t\t\t\t\t\t\t<img decoding=\"async\" width=\"1024\" height=\"683\" src=\"https:\/\/www.lungau-view.at\/wp-content\/uploads\/2025\/10\/MarionFeichtnerGmbHxlungauview25-108-1024x683.jpg\" class=\"attachment-large size-large wp-image-6459\" alt=\"\" srcset=\"https:\/\/www.lungau-view.at\/wp-content\/uploads\/2025\/10\/MarionFeichtnerGmbHxlungauview25-108-scaled-e1761576255243.jpg 1024w, https:\/\/www.lungau-view.at\/wp-content\/uploads\/2025\/10\/MarionFeichtnerGmbHxlungauview25-108-300x200.jpg 300w, https:\/\/www.lungau-view.at\/wp-content\/uploads\/2025\/10\/MarionFeichtnerGmbHxlungauview25-108-768x512.jpg 768w, https:\/\/www.lungau-view.at\/wp-content\/uploads\/2025\/10\/MarionFeichtnerGmbHxlungauview25-108-1536x1024.jpg 1536w, https:\/\/www.lungau-view.at\/wp-content\/uploads\/2025\/10\/MarionFeichtnerGmbHxlungauview25-108-2048x1366.jpg 2048w, https:\/\/www.lungau-view.at\/wp-content\/uploads\/2025\/10\/MarionFeichtnerGmbHxlungauview25-108-18x12.jpg 18w, https:\/\/www.lungau-view.at\/wp-content\/uploads\/2025\/10\/MarionFeichtnerGmbHxlungauview25-108-1920x1281.jpg 1920w, https:\/\/www.lungau-view.at\/wp-content\/uploads\/2025\/10\/MarionFeichtnerGmbHxlungauview25-108-1440x960.jpg 1440w, https:\/\/www.lungau-view.at\/wp-content\/uploads\/2025\/10\/MarionFeichtnerGmbHxlungauview25-108-1200x800.jpg 1200w, https:\/\/www.lungau-view.at\/wp-content\/uploads\/2025\/10\/MarionFeichtnerGmbHxlungauview25-108-780x520.jpg 780w, https:\/\/www.lungau-view.at\/wp-content\/uploads\/2025\/10\/MarionFeichtnerGmbHxlungauview25-108-600x400.jpg 600w, https:\/\/www.lungau-view.at\/wp-content\/uploads\/2025\/10\/MarionFeichtnerGmbHxlungauview25-108-550x367.jpg 550w, https:\/\/www.lungau-view.at\/wp-content\/uploads\/2025\/10\/MarionFeichtnerGmbHxlungauview25-108-370x247.jpg 370w, https:\/\/www.lungau-view.at\/wp-content\/uploads\/2025\/10\/MarionFeichtnerGmbHxlungauview25-108-255x170.jpg 255w\" sizes=\"(max-width: 1024px) 100vw, 1024px\" \/>\t\t\t\t\t\t\t\t\t\t\t\t\t\t\t<\/div>\n\t\t\t\t<\/div>\n\t\t\t\t<div class=\"elementor-element elementor-element-a93c3b3 elementor-widget elementor-widget-image\" data-id=\"a93c3b3\" data-element_type=\"widget\" data-widget_type=\"image.default\">\n\t\t\t\t<div class=\"elementor-widget-container\">\n\t\t\t\t\t\t\t\t\t\t\t\t\t\t\t<img loading=\"lazy\" decoding=\"async\" width=\"1024\" height=\"683\" src=\"https:\/\/www.lungau-view.at\/wp-content\/uploads\/2025\/10\/MarionFeichtnerGmbHxlungauview25-86-1024x683.jpg\" class=\"attachment-large size-large wp-image-6455\" alt=\"\" srcset=\"https:\/\/www.lungau-view.at\/wp-content\/uploads\/2025\/10\/MarionFeichtnerGmbHxlungauview25-86-scaled-e1761576106847.jpg 1024w, https:\/\/www.lungau-view.at\/wp-content\/uploads\/2025\/10\/MarionFeichtnerGmbHxlungauview25-86-300x200.jpg 300w, https:\/\/www.lungau-view.at\/wp-content\/uploads\/2025\/10\/MarionFeichtnerGmbHxlungauview25-86-768x512.jpg 768w, https:\/\/www.lungau-view.at\/wp-content\/uploads\/2025\/10\/MarionFeichtnerGmbHxlungauview25-86-1536x1024.jpg 1536w, https:\/\/www.lungau-view.at\/wp-content\/uploads\/2025\/10\/MarionFeichtnerGmbHxlungauview25-86-2048x1366.jpg 2048w, https:\/\/www.lungau-view.at\/wp-content\/uploads\/2025\/10\/MarionFeichtnerGmbHxlungauview25-86-18x12.jpg 18w, https:\/\/www.lungau-view.at\/wp-content\/uploads\/2025\/10\/MarionFeichtnerGmbHxlungauview25-86-1920x1281.jpg 1920w, https:\/\/www.lungau-view.at\/wp-content\/uploads\/2025\/10\/MarionFeichtnerGmbHxlungauview25-86-1440x960.jpg 1440w, https:\/\/www.lungau-view.at\/wp-content\/uploads\/2025\/10\/MarionFeichtnerGmbHxlungauview25-86-1200x800.jpg 1200w, https:\/\/www.lungau-view.at\/wp-content\/uploads\/2025\/10\/MarionFeichtnerGmbHxlungauview25-86-780x520.jpg 780w, https:\/\/www.lungau-view.at\/wp-content\/uploads\/2025\/10\/MarionFeichtnerGmbHxlungauview25-86-600x400.jpg 600w, https:\/\/www.lungau-view.at\/wp-content\/uploads\/2025\/10\/MarionFeichtnerGmbHxlungauview25-86-550x367.jpg 550w, https:\/\/www.lungau-view.at\/wp-content\/uploads\/2025\/10\/MarionFeichtnerGmbHxlungauview25-86-370x247.jpg 370w, https:\/\/www.lungau-view.at\/wp-content\/uploads\/2025\/10\/MarionFeichtnerGmbHxlungauview25-86-255x170.jpg 255w\" sizes=\"(max-width: 1024px) 100vw, 1024px\" \/>\t\t\t\t\t\t\t\t\t\t\t\t\t\t\t<\/div>\n\t\t\t\t<\/div>\n\t\t\t\t<section class=\"elementor-section elementor-inner-section elementor-element elementor-element-7893197c elementor-section-height-min-height elementor-section-content-middle elementor-section-boxed elementor-section-height-default\" data-id=\"7893197c\" data-element_type=\"section\">\n\t\t\t\t\t\t<div class=\"elementor-container elementor-column-gap-no\">\n\t\t\t\t\t<div class=\"elementor-column elementor-col-100 elementor-inner-column elementor-element elementor-element-a70f2a9\" data-id=\"a70f2a9\" data-element_type=\"column\">\n\t\t\t<div class=\"elementor-widget-wrap elementor-element-populated\">\n\t\t\t\t\t\t<div class=\"elementor-element elementor-element-cf091b5 elementor-widget elementor-widget-image\" data-id=\"cf091b5\" data-element_type=\"widget\" data-widget_type=\"image.default\">\n\t\t\t\t<div class=\"elementor-widget-container\">\n\t\t\t\t\t\t\t\t\t\t\t\t\t\t\t<img loading=\"lazy\" decoding=\"async\" width=\"800\" height=\"450\" src=\"https:\/\/www.lungau-view.at\/wp-content\/uploads\/2023\/10\/PHOTO-2023-09-15-13-46-22.jpeg\" class=\"attachment-large size-large wp-image-2527\" alt=\"\" srcset=\"https:\/\/www.lungau-view.at\/wp-content\/uploads\/2023\/10\/PHOTO-2023-09-15-13-46-22.jpeg 800w, https:\/\/www.lungau-view.at\/wp-content\/uploads\/2023\/10\/PHOTO-2023-09-15-13-46-22-300x169.jpeg 300w, https:\/\/www.lungau-view.at\/wp-content\/uploads\/2023\/10\/PHOTO-2023-09-15-13-46-22-768x432.jpeg 768w, https:\/\/www.lungau-view.at\/wp-content\/uploads\/2023\/10\/PHOTO-2023-09-15-13-46-22-780x439.jpeg 780w, https:\/\/www.lungau-view.at\/wp-content\/uploads\/2023\/10\/PHOTO-2023-09-15-13-46-22-600x338.jpeg 600w, https:\/\/www.lungau-view.at\/wp-content\/uploads\/2023\/10\/PHOTO-2023-09-15-13-46-22-550x309.jpeg 550w, https:\/\/www.lungau-view.at\/wp-content\/uploads\/2023\/10\/PHOTO-2023-09-15-13-46-22-370x208.jpeg 370w, https:\/\/www.lungau-view.at\/wp-content\/uploads\/2023\/10\/PHOTO-2023-09-15-13-46-22-255x143.jpeg 255w, https:\/\/www.lungau-view.at\/wp-content\/uploads\/2023\/10\/PHOTO-2023-09-15-13-46-22-150x84.jpeg 150w\" sizes=\"(max-width: 800px) 100vw, 800px\" \/>\t\t\t\t\t\t\t\t\t\t\t\t\t\t\t<\/div>\n\t\t\t\t<\/div>\n\t\t\t\t\t<\/div>\n\t\t<\/div>\n\t\t\t\t\t<\/div>\n\t\t<\/section>\n\t\t\t\t\t<\/div>\n\t\t<\/div>\n\t\t\t\t<div class=\"elementor-column elementor-col-33 elementor-top-column elementor-element elementor-element-5a4e4fe8\" data-id=\"5a4e4fe8\" data-element_type=\"column\">\n\t\t\t<div class=\"elementor-widget-wrap elementor-element-populated\">\n\t\t\t\t\t\t<div class=\"elementor-element elementor-element-7ef0293f elementor-widget elementor-widget-cs_title\" data-id=\"7ef0293f\" data-element_type=\"widget\" data-widget_type=\"cs_title.default\">\n\t\t\t\t<div class=\"elementor-widget-container\">\n\t\t\t\t\t\n        <div class=\"cs-title-wrap text-center\">\t            <h6 class=\"cs-title color-white\">\n\t                IM SOMMER\t            <\/h6>\t            <div class=\"cs-title-text color-white\">\n\t                <p>Freuen Sie sich auf unvergessliche Momente voller\u00a0<span style=\"font-size: inherit; font-family: var(--body-font);\">Staunen und Genuss.\u00a0<\/span><\/p>\t            <\/div>        <\/div>\t\t\t\t<\/div>\n\t\t\t\t<\/div>\n\t\t\t\t<div class=\"elementor-element elementor-element-d7a5644 elementor-align-center elementor-widget elementor-widget-cs_button\" data-id=\"d7a5644\" data-element_type=\"widget\" data-widget_type=\"cs_button.default\">\n\t\t\t\t<div class=\"elementor-widget-container\">\n\t\t\t\t\t        <a href=\"https:\/\/www.mauterndorf.com\/sommer\/wandern-natur-nordic-walking\/\" class=\"elementor-button-link button cs-btn-pill\" role=\"button\">\n            <span class=\"cs-btn-text\">Mehr Informationen...<\/span>        <\/a>\t\t\t\t<\/div>\n\t\t\t\t<\/div>\n\t\t\t\t<section class=\"elementor-section elementor-inner-section elementor-element elementor-element-65dc3e18 elementor-section-height-min-height elementor-section-content-middle elementor-section-boxed elementor-section-height-default\" data-id=\"65dc3e18\" data-element_type=\"section\">\n\t\t\t\t\t\t<div class=\"elementor-container elementor-column-gap-no\">\n\t\t\t\t\t<div class=\"elementor-column elementor-col-100 elementor-inner-column elementor-element elementor-element-317730a\" data-id=\"317730a\" data-element_type=\"column\">\n\t\t\t<div class=\"elementor-widget-wrap elementor-element-populated\">\n\t\t\t\t\t\t<div class=\"elementor-element elementor-element-b3467e3 elementor-widget elementor-widget-image\" data-id=\"b3467e3\" data-element_type=\"widget\" data-widget_type=\"image.default\">\n\t\t\t\t<div class=\"elementor-widget-container\">\n\t\t\t\t\t\t\t\t\t\t\t\t\t\t\t<img loading=\"lazy\" decoding=\"async\" width=\"916\" height=\"1024\" src=\"https:\/\/www.lungau-view.at\/wp-content\/uploads\/2023\/12\/patrick-baum-8xyPe4nTDls-unsplash-916x1024.jpg\" class=\"attachment-large size-large wp-image-3922\" alt=\"\" srcset=\"https:\/\/www.lungau-view.at\/wp-content\/uploads\/2023\/12\/patrick-baum-8xyPe4nTDls-unsplash-916x1024.jpg 916w, https:\/\/www.lungau-view.at\/wp-content\/uploads\/2023\/12\/patrick-baum-8xyPe4nTDls-unsplash-268x300.jpg 268w, https:\/\/www.lungau-view.at\/wp-content\/uploads\/2023\/12\/patrick-baum-8xyPe4nTDls-unsplash-768x859.jpg 768w, https:\/\/www.lungau-view.at\/wp-content\/uploads\/2023\/12\/patrick-baum-8xyPe4nTDls-unsplash-1374x1536.jpg 1374w, https:\/\/www.lungau-view.at\/wp-content\/uploads\/2023\/12\/patrick-baum-8xyPe4nTDls-unsplash-1440x1610.jpg 1440w, https:\/\/www.lungau-view.at\/wp-content\/uploads\/2023\/12\/patrick-baum-8xyPe4nTDls-unsplash-1200x1342.jpg 1200w, https:\/\/www.lungau-view.at\/wp-content\/uploads\/2023\/12\/patrick-baum-8xyPe4nTDls-unsplash-780x872.jpg 780w, https:\/\/www.lungau-view.at\/wp-content\/uploads\/2023\/12\/patrick-baum-8xyPe4nTDls-unsplash-600x671.jpg 600w, https:\/\/www.lungau-view.at\/wp-content\/uploads\/2023\/12\/patrick-baum-8xyPe4nTDls-unsplash-550x615.jpg 550w, https:\/\/www.lungau-view.at\/wp-content\/uploads\/2023\/12\/patrick-baum-8xyPe4nTDls-unsplash-370x414.jpg 370w, https:\/\/www.lungau-view.at\/wp-content\/uploads\/2023\/12\/patrick-baum-8xyPe4nTDls-unsplash-255x285.jpg 255w, https:\/\/www.lungau-view.at\/wp-content\/uploads\/2023\/12\/patrick-baum-8xyPe4nTDls-unsplash-134x150.jpg 134w, https:\/\/www.lungau-view.at\/wp-content\/uploads\/2023\/12\/patrick-baum-8xyPe4nTDls-unsplash.jpg 1610w\" sizes=\"(max-width: 916px) 100vw, 916px\" \/>\t\t\t\t\t\t\t\t\t\t\t\t\t\t\t<\/div>\n\t\t\t\t<\/div>\n\t\t\t\t<div class=\"elementor-element elementor-element-079e25c elementor-widget elementor-widget-image\" data-id=\"079e25c\" data-element_type=\"widget\" data-widget_type=\"image.default\">\n\t\t\t\t<div class=\"elementor-widget-container\">\n\t\t\t\t\t\t\t\t\t\t\t\t\t\t\t<img loading=\"lazy\" decoding=\"async\" width=\"768\" height=\"843\" src=\"https:\/\/www.lungau-view.at\/wp-content\/uploads\/2024\/01\/Natur-pur-768x843.jpg\" class=\"attachment-medium_large size-medium_large wp-image-5704\" alt=\"\" srcset=\"https:\/\/www.lungau-view.at\/wp-content\/uploads\/2024\/01\/Natur-pur-768x843.jpg 768w, https:\/\/www.lungau-view.at\/wp-content\/uploads\/2024\/01\/Natur-pur-273x300.jpg 273w, https:\/\/www.lungau-view.at\/wp-content\/uploads\/2024\/01\/Natur-pur-11x12.jpg 11w, https:\/\/www.lungau-view.at\/wp-content\/uploads\/2024\/01\/Natur-pur-780x856.jpg 780w, https:\/\/www.lungau-view.at\/wp-content\/uploads\/2024\/01\/Natur-pur-600x659.jpg 600w, https:\/\/www.lungau-view.at\/wp-content\/uploads\/2024\/01\/Natur-pur-550x604.jpg 550w, https:\/\/www.lungau-view.at\/wp-content\/uploads\/2024\/01\/Natur-pur-370x406.jpg 370w, https:\/\/www.lungau-view.at\/wp-content\/uploads\/2024\/01\/Natur-pur-255x280.jpg 255w, https:\/\/www.lungau-view.at\/wp-content\/uploads\/2024\/01\/Natur-pur.jpg 911w\" sizes=\"(max-width: 768px) 100vw, 768px\" \/>\t\t\t\t\t\t\t\t\t\t\t\t\t\t\t<\/div>\n\t\t\t\t<\/div>\n\t\t\t\t\t<\/div>\n\t\t<\/div>\n\t\t\t\t\t<\/div>\n\t\t<\/section>\n\t\t\t\t\t<\/div>\n\t\t<\/div>\n\t\t\t\t\t<\/div>\n\t\t<\/section>\n\t\t\t\t<\/div>\n\t\t","protected":false},"excerpt":{"rendered":"<p>Mauterndorf im Salzburger Land Aktivit\u00e4ten Wer einen Urlaub bucht, will sich von der Schwerkraft des Alltags l\u00f6sen. Im LUNGAU-VIEW, das im Herzen des Lungaus liegt, f\u00e4llt das besonders leicht. Hinaufsteigen, sich vorantasten: am besten mit der kostenlosen G\u00e4stekarte f\u00fcr deinen Familienurlaub: die LungauCard Der Salzburger Lungau ist unumstritten ein einzigartiges Urlaubsziel voller \u00dcberraschungen. Im s\u00fcdlichsten &#8230;<\/p>\n","protected":false},"author":2,"featured_media":0,"parent":0,"menu_order":0,"comment_status":"closed","ping_status":"closed","template":"elementor_header_footer","meta":{"_monsterinsights_skip_tracking":false,"_monsterinsights_sitenote_active":false,"_monsterinsights_sitenote_note":"","_monsterinsights_sitenote_category":0,"cozystay_single_page_hide_site_header":"","cozystay_single_page_site_header_source":"","cozystay_single_page_custom_site_header":"0","cozystay_single_page_custom_sticky_site_header":"0","cozystay_single_page_hide_page_title":"","cozystay_single_page_header_section_size":"","cozystay_single_page_header_background_color":"","cozystay_single_page_header_background_position_x":"center","cozystay_single_page_header_background_position_y":"center","cozystay_single_page_header_background_size":"cover","cozystay_single_page_header_background_repeat":"off","cozystay_single_page_header_background_scroll":"on","cozystay_single_page_header_text_color":"","cozystay_single_page_header_show_breadcrumb":"","cozystay_single_page_site_footer_hide_main":"","cozystay_single_custom_site_footer_main_source":"","cozystay_single_custom_site_footer_main":"0","cozystay_single_page_site_footer_hide_above":"","cozystay_single_custom_site_footer_above_source":"","cozystay_single_custom_site_footer_above":"0","cozystay_single_page_site_footer_hide_instagram":"","cozystay_single_page_site_footer_hide_bottom":"","cozystay_single_custom_mobile_menu_source":"","cozystay_single_custom_mobile_menu":"0","cozystay_single_custom_mobile_menu_animation":"","cozystay_single_custom_mobile_menu_width":"","cozystay_single_custom_mobile_menu_custom_width":375,"footnotes":""},"class_list":["post-5612","page","type-page","status-publish","hentry"],"_links":{"self":[{"href":"https:\/\/www.lungau-view.at\/de\/wp-json\/wp\/v2\/pages\/5612","targetHints":{"allow":["GET"]}}],"collection":[{"href":"https:\/\/www.lungau-view.at\/de\/wp-json\/wp\/v2\/pages"}],"about":[{"href":"https:\/\/www.lungau-view.at\/de\/wp-json\/wp\/v2\/types\/page"}],"author":[{"embeddable":true,"href":"https:\/\/www.lungau-view.at\/de\/wp-json\/wp\/v2\/users\/2"}],"replies":[{"embeddable":true,"href":"https:\/\/www.lungau-view.at\/de\/wp-json\/wp\/v2\/comments?post=5612"}],"version-history":[{"count":54,"href":"https:\/\/www.lungau-view.at\/de\/wp-json\/wp\/v2\/pages\/5612\/revisions"}],"predecessor-version":[{"id":6462,"href":"https:\/\/www.lungau-view.at\/de\/wp-json\/wp\/v2\/pages\/5612\/revisions\/6462"}],"wp:attachment":[{"href":"https:\/\/www.lungau-view.at\/de\/wp-json\/wp\/v2\/media?parent=5612"}],"curies":[{"name":"wp","href":"https:\/\/api.w.org\/{rel}","templated":true}]}}